{"id":3,"date":"2008-02-10T10:24:41","date_gmt":"2008-02-10T09:24:41","guid":{"rendered":"http:\/\/www.tobitobsucht.de\/wordpress\/?page_id=3"},"modified":"2014-04-05T09:26:43","modified_gmt":"2014-04-05T07:26:43","slug":"wer-ist-tobi-tobsucht","status":"publish","type":"page","link":"http:\/\/www.tobitobsucht.de\/wordpress\/wer-ist-tobi-tobsucht\/","title":{"rendered":"About Tobi"},"content":{"rendered":"<p>35 Jahre alt, wohnhaft auf der <del datetime=\"2010-10-03T12:38:06+00:00\">falschen Rheinseite<\/del> Sch\u00e4l Sick in K\u00f6ln und nichts anderes im Kopf als Musik, Schallplatten und Gaffel K\u00f6lsch.<\/p>\n<p>Irgendwann 1995 eine halbwegs saubere Discoblende zwischen zwei Musikst\u00fccken absolviert, seitdem passionierter DJ und Schallplattensammler.<br \/>\nZuerst ausschliesslich House, Techno und K\u00f6ln-Minimal, mittlerweile stlistischer Grenzg\u00e4nger zwischen Hip Hop, Dub, Jazz, Downtempo &amp; Folk.<\/p>\n<p>In diesem Blog gibt es neben eigenen Mixtapes auch Plattenreviews, Fremd- und Freundesmixe und ab und an geht es auch mal um meine geheimste Leidenschaft: Den Eurovision Song Contest.<\/p>\n<p><strong>Allzeit Top 10 Maxis<\/strong><\/p>\n<p><strong>01.<\/strong> Bucketheads &#8211; The Bomb<br \/>\n<strong>02.<\/strong> Ian Pooley &#8211; Celtic Cross<br \/>\n<strong>03.<\/strong> Love Inc. &#8211; R.E.S.P.E.C.T.<br \/>\n<strong>04.<\/strong> Chicago Connection &#8211; Dancin&#8216;<br \/>\n<strong>05.<\/strong> Maurizio &#8211; M7<br \/>\n<strong>06.<\/strong> Metro Area &#8211; 4<br \/>\n<strong>07.<\/strong> Moodymann &#8211; Music People<br \/>\n<strong>08.<\/strong> Lil Louis &#8211; French Kiss<br \/>\n<strong>09.<\/strong> Davina &#8211; Don&#8217;t You Want It<br \/>\n<strong>10.<\/strong> Phortune &#8211; Can You Feel The Bass<\/p>\n<p>&#8212;&#8212;&#8212;<\/p>\n<p><strong>Allzeit Top 10 Alben<\/strong><\/p>\n<p><strong>01.<\/strong> Gang Starr &#8211; Moment Of Truth<br \/>\n<strong>02.<\/strong> St Germain &#8211; Boulevard<br \/>\n<strong>03.<\/strong> Herbert &#8211; Part One, Two &amp; Three<br \/>\n<strong>04. <\/strong>Hexstatic &#8211; Rewind<br \/>\n<strong>05.<\/strong> Rhythm &amp; Sound &#8211; With The Artists<br \/>\n<strong>06.<\/strong> Eins Zwo &#8211; Gef\u00e4hrliches Halbwissen<br \/>\n<strong>07.<\/strong> Moodymann &#8211; Black Mahogani<br \/>\n<strong>08.<\/strong> Die Sterne &#8211; Posen<br \/>\n<strong>09.<\/strong> Tindersticks &#8211; Tindersticks<br \/>\n<strong>10.<\/strong> Miles Davis &#8211; Kind Of Blue<\/p>\n","protected":false},"excerpt":{"rendered":"<p>35 Jahre alt, wohnhaft auf der falschen Rheinseite Sch\u00e4l Sick in K\u00f6ln und nichts anderes im Kopf als Musik, Schallplatten und Gaffel K\u00f6lsch. Irgendwann 1995 eine halbwegs saubere Discoblende zwischen zwei Musikst\u00fccken absolviert, seitdem passionierter DJ und Schallplattensammler. Zuerst ausschliesslich House, Techno und K\u00f6ln-Minimal, mittlerweile stlistischer Grenzg\u00e4nger zwischen Hip Hop, Dub, Jazz, Downtempo &amp; Folk. [&hellip;]<\/p>\n","protected":false},"author":1,"featured_media":0,"parent":0,"menu_order":0,"comment_status":"open","ping_status":"open","template":"","meta":{"footnotes":""},"class_list":["post-3","page","type-page","status-publish","hentry"],"_links":{"self":[{"href":"http:\/\/www.tobitobsucht.de\/wordpress\/wp-json\/wp\/v2\/pages\/3","targetHints":{"allow":["GET"]}}],"collection":[{"href":"http:\/\/www.tobitobsucht.de\/wordpress\/wp-json\/wp\/v2\/pages"}],"about":[{"href":"http:\/\/www.tobitobsucht.de\/wordpress\/wp-json\/wp\/v2\/types\/page"}],"author":[{"embeddable":true,"href":"http:\/\/www.tobitobsucht.de\/wordpress\/wp-json\/wp\/v2\/users\/1"}],"replies":[{"embeddable":true,"href":"http:\/\/www.tobitobsucht.de\/wordpress\/wp-json\/wp\/v2\/comments?post=3"}],"version-history":[{"count":18,"href":"http:\/\/www.tobitobsucht.de\/wordpress\/wp-json\/wp\/v2\/pages\/3\/revisions"}],"predecessor-version":[{"id":5819,"href":"http:\/\/www.tobitobsucht.de\/wordpress\/wp-json\/wp\/v2\/pages\/3\/revisions\/5819"}],"wp:attachment":[{"href":"http:\/\/www.tobitobsucht.de\/wordpress\/wp-json\/wp\/v2\/media?parent=3"}],"curies":[{"name":"wp","href":"https:\/\/api.w.org\/{rel}","templated":true}]}}